{"id":493,"date":"2022-04-27T16:03:58","date_gmt":"2022-04-27T19:03:58","guid":{"rendered":"https:\/\/loja.homecellcelulares.com\/?post_type=product&#038;p=493"},"modified":"2022-10-22T13:14:24","modified_gmt":"2022-10-22T16:14:24","slug":"handz-eco-sound","status":"publish","type":"product","link":"https:\/\/loja.homecellcelulares.com\/?product=handz-eco-sound","title":{"rendered":"H\u00e4ndz Eco Sound"},"content":{"rendered":"","protected":false},"excerpt":{"rendered":"<pre class=\"title-section\"><strong>INFORMA\u00c7\u00d5ES T\u00c9CNICAS<\/strong><\/pre>\n<div class=\"board_htm\">\n<ul>\n<li>\n<pre><strong>Feito em Fibra de Trigo+ABS<\/strong><\/pre>\n<\/li>\n<li>\n<pre>Bluetooth 5.0<\/pre>\n<\/li>\n<li>\n<pre>Alcance do Bluetooth: 10m - 15m<\/pre>\n<\/li>\n<li>\n<pre>Frequ\u00eancia do Bluetooth: 5,4GHz - 2,48GHz<\/pre>\n<\/li>\n<li>\n<pre>Som HD Stereo Surround<\/pre>\n<\/li>\n<li>\n<pre>Tempo de Reprodu\u00e7\u00e3o: 7-8 horas<\/pre>\n<\/li>\n<li>\n<pre>Bateria: 3,7 V \/ 400 mAh<\/pre>\n<\/li>\n<li>\n<pre>Tempo de carregamento: 2 horas<\/pre>\n<\/li>\n<li>\n<pre>Standby : 250 horas<\/pre>\n<\/li>\n<li>\n<pre>Suporte m\u00fasica e telefonema<\/pre>\n<\/li>\n<li>\n<pre>Suporte FM \/ MP3 \/ Cart\u00e3o de Mem\u00f3ria<\/pre>\n<\/li>\n<\/ul>\n<\/div>\n","protected":false},"featured_media":494,"template":"","meta":[],"product_cat":[26],"product_tag":[],"_links":{"self":[{"href":"https:\/\/loja.homecellcelulares.com\/index.php?rest_route=\/wp\/v2\/product\/493"}],"collection":[{"href":"https:\/\/loja.homecellcelulares.com\/index.php?rest_route=\/wp\/v2\/product"}],"about":[{"href":"https:\/\/loja.homecellcelulares.com\/index.php?rest_route=\/wp\/v2\/types\/product"}],"wp:featuredmedia":[{"embeddable":true,"href":"https:\/\/loja.homecellcelulares.com\/index.php?rest_route=\/wp\/v2\/media\/494"}],"wp:attachment":[{"href":"https:\/\/loja.homecellcelulares.com\/index.php?rest_route=%2Fwp%2Fv2%2Fmedia&parent=493"}],"wp:term":[{"taxonomy":"product_cat","embeddable":true,"href":"https:\/\/loja.homecellcelulares.com\/index.php?rest_route=%2Fwp%2Fv2%2Fproduct_cat&post=493"},{"taxonomy":"product_tag","embeddable":true,"href":"https:\/\/loja.homecellcelulares.com\/index.php?rest_route=%2Fwp%2Fv2%2Fproduct_tag&post=493"}],"curies":[{"name":"wp","href":"https:\/\/api.w.org\/{rel}","templated":true}]}}