{"id":490,"date":"2022-04-27T14:55:24","date_gmt":"2022-04-27T17:55:24","guid":{"rendered":"https:\/\/loja.homecellcelulares.com\/?post_type=product&#038;p=490"},"modified":"2022-04-27T14:55:24","modified_gmt":"2022-04-27T17:55:24","slug":"cabo-mfi-hard-cable-em-poliester-prata","status":"publish","type":"product","link":"https:\/\/loja.homecellcelulares.com\/?product=cabo-mfi-hard-cable-em-poliester-prata","title":{"rendered":"Cabo MFi Hard Cable em Poli\u00e9ster Prata"},"content":{"rendered":"","protected":false},"excerpt":{"rendered":"<div class=\"panel panel-gradient\">\n<div class=\"panel-heading\">\n<pre class=\"h4 pull-left\">CARACTER\u00cdSTICAS\r\n\r\n<\/pre>\n<\/div>\n<\/div>\n<div id=\"technical-information\">\n<ul>\n<li>\n<pre>4 camadas de refor\u00e7o interno, incluindo fibra sint\u00e9tica de aramida<\/pre>\n<\/li>\n<li>\n<pre>Conector de alum\u00ednio r\u00edgido<\/pre>\n<\/li>\n<li>\n<pre>Conex\u00e3o perfeita, protege completamente a interface USB contra poeira e danos de oxida\u00e7\u00e3o<\/pre>\n<\/li>\n<li>\n<pre>Permite carregar e transferir arquivos ao mesmo tempo<\/pre>\n<\/li>\n<li>\n<pre>Suporta at\u00e9 2.4A<\/pre>\n<\/li>\n<li>\n<pre>Com chip original Apple para aparelhos com entrada lightning<\/pre>\n<\/li>\n<li>\n<pre>Cabo em\u00a0Poli\u00e9ster\u00a0com tran\u00e7ado duplo, mais denso e mais resistente<\/pre>\n<\/li>\n<li>\n<pre>Mais forte e ainda mais flex\u00edvel que cabos de Iphone padr\u00e3o<\/pre>\n<\/li>\n<li>\n<pre>Conector do cabo fabricado em material male\u00e1vel para evitar quebras no cabo<\/pre>\n<\/li>\n<li>\n<pre>Tamanho de cabo: 1.2m (4'0\"<\/pre>\n<\/li>\n<\/ul>\n<\/div>\n","protected":false},"featured_media":491,"template":"","meta":[],"product_cat":[26],"product_tag":[],"_links":{"self":[{"href":"https:\/\/loja.homecellcelulares.com\/index.php?rest_route=\/wp\/v2\/product\/490"}],"collection":[{"href":"https:\/\/loja.homecellcelulares.com\/index.php?rest_route=\/wp\/v2\/product"}],"about":[{"href":"https:\/\/loja.homecellcelulares.com\/index.php?rest_route=\/wp\/v2\/types\/product"}],"wp:featuredmedia":[{"embeddable":true,"href":"https:\/\/loja.homecellcelulares.com\/index.php?rest_route=\/wp\/v2\/media\/491"}],"wp:attachment":[{"href":"https:\/\/loja.homecellcelulares.com\/index.php?rest_route=%2Fwp%2Fv2%2Fmedia&parent=490"}],"wp:term":[{"taxonomy":"product_cat","embeddable":true,"href":"https:\/\/loja.homecellcelulares.com\/index.php?rest_route=%2Fwp%2Fv2%2Fproduct_cat&post=490"},{"taxonomy":"product_tag","embeddable":true,"href":"https:\/\/loja.homecellcelulares.com\/index.php?rest_route=%2Fwp%2Fv2%2Fproduct_tag&post=490"}],"curies":[{"name":"wp","href":"https:\/\/api.w.org\/{rel}","templated":true}]}}