{"id":481,"date":"2022-04-27T14:41:57","date_gmt":"2022-04-27T17:41:57","guid":{"rendered":"https:\/\/loja.homecellcelulares.com\/?post_type=product&#038;p=481"},"modified":"2022-04-27T14:41:57","modified_gmt":"2022-04-27T17:41:57","slug":"cabo-mfi-strong-cable-em-nylon-cinza","status":"publish","type":"product","link":"https:\/\/loja.homecellcelulares.com\/?product=cabo-mfi-strong-cable-em-nylon-cinza","title":{"rendered":"Cabo MFi Strong Cable em Nylon Cinza"},"content":{"rendered":"","protected":false},"excerpt":{"rendered":"<div class=\"panel panel-gradient\">\n<div class=\"panel-heading\">\n<pre class=\"h4 pull-left\">CARACTER\u00cdSTICAS<\/pre>\n<\/div>\n<\/div>\n<div id=\"technical-information\">\n<ul>\n<li>\n<pre>Cabo em nylon tran\u00e7ado triplo e camadas internas de refor\u00e7o<\/pre>\n<\/li>\n<li>\n<pre>Conector niquelado refor\u00e7ado com chip original da Apple<\/pre>\n<\/li>\n<li>\n<pre>Mais forte e flex\u00edvel do que cabos de iPhone padr\u00e3o<\/pre>\n<\/li>\n<li>\n<pre>3 camadas de refor\u00e7o<\/pre>\n<\/li>\n<li>\n<pre>Conector de alum\u00ednio r\u00edgido<\/pre>\n<\/li>\n<li>\n<pre>Conex\u00e3o perfeita. Protege completamente a interface USB contra poeira e dados de oxida\u00e7\u00e3o.<\/pre>\n<\/li>\n<li>\n<pre>Permite carregar e transferir arquivos ao mesmo tempo.<\/pre>\n<\/li>\n<li>\n<pre>Suporta at\u00e9 2.4A<\/pre>\n<\/li>\n<li>\n<pre>Chip original Apple para aparelhos de entrada lightning<\/pre>\n<\/li>\n<li>\n<pre>Comprimento: 1.2m<\/pre>\n<\/li>\n<\/ul>\n<\/div>\n","protected":false},"featured_media":482,"template":"","meta":[],"product_cat":[26,29],"product_tag":[],"_links":{"self":[{"href":"https:\/\/loja.homecellcelulares.com\/index.php?rest_route=\/wp\/v2\/product\/481"}],"collection":[{"href":"https:\/\/loja.homecellcelulares.com\/index.php?rest_route=\/wp\/v2\/product"}],"about":[{"href":"https:\/\/loja.homecellcelulares.com\/index.php?rest_route=\/wp\/v2\/types\/product"}],"wp:featuredmedia":[{"embeddable":true,"href":"https:\/\/loja.homecellcelulares.com\/index.php?rest_route=\/wp\/v2\/media\/482"}],"wp:attachment":[{"href":"https:\/\/loja.homecellcelulares.com\/index.php?rest_route=%2Fwp%2Fv2%2Fmedia&parent=481"}],"wp:term":[{"taxonomy":"product_cat","embeddable":true,"href":"https:\/\/loja.homecellcelulares.com\/index.php?rest_route=%2Fwp%2Fv2%2Fproduct_cat&post=481"},{"taxonomy":"product_tag","embeddable":true,"href":"https:\/\/loja.homecellcelulares.com\/index.php?rest_route=%2Fwp%2Fv2%2Fproduct_tag&post=481"}],"curies":[{"name":"wp","href":"https:\/\/api.w.org\/{rel}","templated":true}]}}