{"id":465,"date":"2022-04-27T11:42:48","date_gmt":"2022-04-27T14:42:48","guid":{"rendered":"https:\/\/loja.homecellcelulares.com\/?post_type=product&#038;p=465"},"modified":"2022-04-27T11:42:48","modified_gmt":"2022-04-27T14:42:48","slug":"carregador-wireless-bambu-disk","status":"publish","type":"product","link":"https:\/\/loja.homecellcelulares.com\/?product=carregador-wireless-bambu-disk","title":{"rendered":"Carregador Wireless Bambu Disk"},"content":{"rendered":"","protected":false},"excerpt":{"rendered":"<pre><strong>INFORMA\u00c7\u00d5ES T\u00c9CNICAS<\/strong><\/pre>\n<ul>\n<li>\n<pre>Feito em bambu\u00a0(baixo impacto ambiental)<\/pre>\n<\/li>\n<li>\n<pre>Compat\u00edvel com tecnologia Qi<\/pre>\n<\/li>\n<li>\n<pre>Acompanha 1 cabo para a base<\/pre>\n<\/li>\n<li>\n<pre>Pot\u00eancia de 10W<\/pre>\n<\/li>\n<li>\n<pre>Carrega nas posi\u00e7\u00f5es\u00a0horizontal<\/pre>\n<\/li>\n<\/ul>\n","protected":false},"featured_media":467,"template":"","meta":[],"product_cat":[26],"product_tag":[],"_links":{"self":[{"href":"https:\/\/loja.homecellcelulares.com\/index.php?rest_route=\/wp\/v2\/product\/465"}],"collection":[{"href":"https:\/\/loja.homecellcelulares.com\/index.php?rest_route=\/wp\/v2\/product"}],"about":[{"href":"https:\/\/loja.homecellcelulares.com\/index.php?rest_route=\/wp\/v2\/types\/product"}],"wp:featuredmedia":[{"embeddable":true,"href":"https:\/\/loja.homecellcelulares.com\/index.php?rest_route=\/wp\/v2\/media\/467"}],"wp:attachment":[{"href":"https:\/\/loja.homecellcelulares.com\/index.php?rest_route=%2Fwp%2Fv2%2Fmedia&parent=465"}],"wp:term":[{"taxonomy":"product_cat","embeddable":true,"href":"https:\/\/loja.homecellcelulares.com\/index.php?rest_route=%2Fwp%2Fv2%2Fproduct_cat&post=465"},{"taxonomy":"product_tag","embeddable":true,"href":"https:\/\/loja.homecellcelulares.com\/index.php?rest_route=%2Fwp%2Fv2%2Fproduct_tag&post=465"}],"curies":[{"name":"wp","href":"https:\/\/api.w.org\/{rel}","templated":true}]}}