{"id":463,"date":"2022-04-27T11:40:54","date_gmt":"2022-04-27T14:40:54","guid":{"rendered":"https:\/\/loja.homecellcelulares.com\/?post_type=product&#038;p=463"},"modified":"2022-10-22T13:13:43","modified_gmt":"2022-10-22T16:13:43","slug":"carregador-wireless-bambu-stand","status":"publish","type":"product","link":"https:\/\/loja.homecellcelulares.com\/?product=carregador-wireless-bambu-stand","title":{"rendered":"Carregador Wireless Bambu Stand"},"content":{"rendered":"","protected":false},"excerpt":{"rendered":"<pre><strong>INFORMA\u00c7\u00d5ES T\u00c9CNICAS<\/strong>\r\n\r\nFeito em bambu (baixo impacto ambiental)<\/pre>\n<ul>\n<li>\n<pre>Compat\u00edvel com tecnologia Qi<\/pre>\n<\/li>\n<li>\n<pre>Acompanha 1 cabo para a base<\/pre>\n<\/li>\n<li>\n<pre>Pot\u00eancia de 10W<\/pre>\n<\/li>\n<li>\n<pre>Carrega nas posi\u00e7\u00f5es vertical e horizontal<\/pre>\n<\/li>\n<\/ul>\n","protected":false},"featured_media":464,"template":"","meta":[],"product_cat":[26],"product_tag":[],"_links":{"self":[{"href":"https:\/\/loja.homecellcelulares.com\/index.php?rest_route=\/wp\/v2\/product\/463"}],"collection":[{"href":"https:\/\/loja.homecellcelulares.com\/index.php?rest_route=\/wp\/v2\/product"}],"about":[{"href":"https:\/\/loja.homecellcelulares.com\/index.php?rest_route=\/wp\/v2\/types\/product"}],"wp:featuredmedia":[{"embeddable":true,"href":"https:\/\/loja.homecellcelulares.com\/index.php?rest_route=\/wp\/v2\/media\/464"}],"wp:attachment":[{"href":"https:\/\/loja.homecellcelulares.com\/index.php?rest_route=%2Fwp%2Fv2%2Fmedia&parent=463"}],"wp:term":[{"taxonomy":"product_cat","embeddable":true,"href":"https:\/\/loja.homecellcelulares.com\/index.php?rest_route=%2Fwp%2Fv2%2Fproduct_cat&post=463"},{"taxonomy":"product_tag","embeddable":true,"href":"https:\/\/loja.homecellcelulares.com\/index.php?rest_route=%2Fwp%2Fv2%2Fproduct_tag&post=463"}],"curies":[{"name":"wp","href":"https:\/\/api.w.org\/{rel}","templated":true}]}}