{"id":461,"date":"2022-04-27T11:38:29","date_gmt":"2022-04-27T14:38:29","guid":{"rendered":"https:\/\/loja.homecellcelulares.com\/?post_type=product&#038;p=461"},"modified":"2022-04-27T11:38:29","modified_gmt":"2022-04-27T14:38:29","slug":"cabo-2-em-1-micro-e-lightning-75cm","status":"publish","type":"product","link":"https:\/\/loja.homecellcelulares.com\/?product=cabo-2-em-1-micro-e-lightning-75cm","title":{"rendered":"Cabo 2 em 1 (Micro e Lightning) &#8211; 7,5cm"},"content":{"rendered":"","protected":false},"excerpt":{"rendered":"<pre><strong>INFORMA\u00c7\u00d5ES T\u00c9CNICAS<\/strong><\/pre>\n<ul>\n<li>\n<pre>Lightning e Micro USB em um cabo s\u00f3<\/pre>\n<\/li>\n<li>\n<pre>Cabo de 7,5cm<\/pre>\n<\/li>\n<li>\n<pre>Ideal para colocar no chaveiro<\/pre>\n<\/li>\n<li>\n<pre>Flex\u00edvel<\/pre>\n<\/li>\n<\/ul>\n","protected":false},"featured_media":462,"template":"","meta":[],"product_cat":[26],"product_tag":[],"_links":{"self":[{"href":"https:\/\/loja.homecellcelulares.com\/index.php?rest_route=\/wp\/v2\/product\/461"}],"collection":[{"href":"https:\/\/loja.homecellcelulares.com\/index.php?rest_route=\/wp\/v2\/product"}],"about":[{"href":"https:\/\/loja.homecellcelulares.com\/index.php?rest_route=\/wp\/v2\/types\/product"}],"wp:featuredmedia":[{"embeddable":true,"href":"https:\/\/loja.homecellcelulares.com\/index.php?rest_route=\/wp\/v2\/media\/462"}],"wp:attachment":[{"href":"https:\/\/loja.homecellcelulares.com\/index.php?rest_route=%2Fwp%2Fv2%2Fmedia&parent=461"}],"wp:term":[{"taxonomy":"product_cat","embeddable":true,"href":"https:\/\/loja.homecellcelulares.com\/index.php?rest_route=%2Fwp%2Fv2%2Fproduct_cat&post=461"},{"taxonomy":"product_tag","embeddable":true,"href":"https:\/\/loja.homecellcelulares.com\/index.php?rest_route=%2Fwp%2Fv2%2Fproduct_tag&post=461"}],"curies":[{"name":"wp","href":"https:\/\/api.w.org\/{rel}","templated":true}]}}