{"id":459,"date":"2022-04-27T11:33:24","date_gmt":"2022-04-27T14:33:24","guid":{"rendered":"https:\/\/loja.homecellcelulares.com\/?post_type=product&#038;p=459"},"modified":"2022-04-27T11:37:09","modified_gmt":"2022-04-27T14:37:09","slug":"cabo-lightning-mfi-flat-15m","status":"publish","type":"product","link":"https:\/\/loja.homecellcelulares.com\/?product=cabo-lightning-mfi-flat-15m","title":{"rendered":"Cabo Lightning MFI Flat &#8211; 1,5m"},"content":{"rendered":"","protected":false},"excerpt":{"rendered":"<pre>INFORMA\u00c7\u00d5ES T\u00c9CNICAS<\/pre>\n<ul>\n<li>\n<pre>1,5 m<\/pre>\n<\/li>\n<li>\n<pre>Homologado pela Apple<\/pre>\n<\/li>\n<li>\n<pre>Resiste a mais de 50 mil dobras<\/pre>\n<\/li>\n<li>\n<pre>Refor\u00e7ado com nylon<\/pre>\n<\/li>\n<li>\n<pre>Garantia de 3 anos<\/pre>\n<\/li>\n<\/ul>\n","protected":false},"featured_media":460,"template":"","meta":[],"product_cat":[26,29],"product_tag":[],"_links":{"self":[{"href":"https:\/\/loja.homecellcelulares.com\/index.php?rest_route=\/wp\/v2\/product\/459"}],"collection":[{"href":"https:\/\/loja.homecellcelulares.com\/index.php?rest_route=\/wp\/v2\/product"}],"about":[{"href":"https:\/\/loja.homecellcelulares.com\/index.php?rest_route=\/wp\/v2\/types\/product"}],"wp:featuredmedia":[{"embeddable":true,"href":"https:\/\/loja.homecellcelulares.com\/index.php?rest_route=\/wp\/v2\/media\/460"}],"wp:attachment":[{"href":"https:\/\/loja.homecellcelulares.com\/index.php?rest_route=%2Fwp%2Fv2%2Fmedia&parent=459"}],"wp:term":[{"taxonomy":"product_cat","embeddable":true,"href":"https:\/\/loja.homecellcelulares.com\/index.php?rest_route=%2Fwp%2Fv2%2Fproduct_cat&post=459"},{"taxonomy":"product_tag","embeddable":true,"href":"https:\/\/loja.homecellcelulares.com\/index.php?rest_route=%2Fwp%2Fv2%2Fproduct_tag&post=459"}],"curies":[{"name":"wp","href":"https:\/\/api.w.org\/{rel}","templated":true}]}}