{"id":457,"date":"2022-04-27T11:31:25","date_gmt":"2022-04-27T14:31:25","guid":{"rendered":"https:\/\/loja.homecellcelulares.com\/?post_type=product&#038;p=457"},"modified":"2022-04-27T11:31:25","modified_gmt":"2022-04-27T14:31:25","slug":"cabo-lightning-mfi-cotton","status":"publish","type":"product","link":"https:\/\/loja.homecellcelulares.com\/?product=cabo-lightning-mfi-cotton","title":{"rendered":"Cabo Lightning MFI Cotton"},"content":{"rendered":"","protected":false},"excerpt":{"rendered":"<p><strong>INFORMA\u00c7\u00d5ES T\u00c9CNICAS<\/strong><\/p>\n<ul>\n<li>1,5 m<\/li>\n<li>Suporta at\u00e9 2.4 A<\/li>\n<li>Homologado pela Apple<\/li>\n<li>Compat\u00edvel com USB 2.0<\/li>\n<li>10x mais resistente<\/li>\n<li>Garantia de 3 anosTransfer\u00eancia de dados r\u00e1pida<\/li>\n<\/ul>\n","protected":false},"featured_media":458,"template":"","meta":[],"product_cat":[26,29],"product_tag":[],"_links":{"self":[{"href":"https:\/\/loja.homecellcelulares.com\/index.php?rest_route=\/wp\/v2\/product\/457"}],"collection":[{"href":"https:\/\/loja.homecellcelulares.com\/index.php?rest_route=\/wp\/v2\/product"}],"about":[{"href":"https:\/\/loja.homecellcelulares.com\/index.php?rest_route=\/wp\/v2\/types\/product"}],"wp:featuredmedia":[{"embeddable":true,"href":"https:\/\/loja.homecellcelulares.com\/index.php?rest_route=\/wp\/v2\/media\/458"}],"wp:attachment":[{"href":"https:\/\/loja.homecellcelulares.com\/index.php?rest_route=%2Fwp%2Fv2%2Fmedia&parent=457"}],"wp:term":[{"taxonomy":"product_cat","embeddable":true,"href":"https:\/\/loja.homecellcelulares.com\/index.php?rest_route=%2Fwp%2Fv2%2Fproduct_cat&post=457"},{"taxonomy":"product_tag","embeddable":true,"href":"https:\/\/loja.homecellcelulares.com\/index.php?rest_route=%2Fwp%2Fv2%2Fproduct_tag&post=457"}],"curies":[{"name":"wp","href":"https:\/\/api.w.org\/{rel}","templated":true}]}}