{"id":455,"date":"2022-04-27T11:27:23","date_gmt":"2022-04-27T14:27:23","guid":{"rendered":"https:\/\/loja.homecellcelulares.com\/?post_type=product&#038;p=455"},"modified":"2022-04-27T11:27:23","modified_gmt":"2022-04-27T14:27:23","slug":"cabo-lightning-mfi-ultra-nylon-500d","status":"publish","type":"product","link":"https:\/\/loja.homecellcelulares.com\/?product=cabo-lightning-mfi-ultra-nylon-500d","title":{"rendered":"Cabo Lightning MFI ULTRA Nylon 500D"},"content":{"rendered":"","protected":false},"excerpt":{"rendered":"<pre><strong>INFORMA\u00c7\u00d5ES T\u00c9CNICAS<\/strong><\/pre>\n<ul>\n<li>\n<pre>1,5 m<\/pre>\n<\/li>\n<li>\n<pre>Homologado pela Apple<\/pre>\n<\/li>\n<li>\n<pre>Resiste a mais de 50 mil dobras<\/pre>\n<\/li>\n<li>\n<pre>Refor\u00e7ado com nylon 500D<\/pre>\n<\/li>\n<li>\n<pre>Garantia de 3 anos<\/pre>\n<\/li>\n<li>\n<pre>Feito com 20% de material recicl\u00e1vel<\/pre>\n<\/li>\n<\/ul>\n","protected":false},"featured_media":456,"template":"","meta":[],"product_cat":[26,29],"product_tag":[],"_links":{"self":[{"href":"https:\/\/loja.homecellcelulares.com\/index.php?rest_route=\/wp\/v2\/product\/455"}],"collection":[{"href":"https:\/\/loja.homecellcelulares.com\/index.php?rest_route=\/wp\/v2\/product"}],"about":[{"href":"https:\/\/loja.homecellcelulares.com\/index.php?rest_route=\/wp\/v2\/types\/product"}],"wp:featuredmedia":[{"embeddable":true,"href":"https:\/\/loja.homecellcelulares.com\/index.php?rest_route=\/wp\/v2\/media\/456"}],"wp:attachment":[{"href":"https:\/\/loja.homecellcelulares.com\/index.php?rest_route=%2Fwp%2Fv2%2Fmedia&parent=455"}],"wp:term":[{"taxonomy":"product_cat","embeddable":true,"href":"https:\/\/loja.homecellcelulares.com\/index.php?rest_route=%2Fwp%2Fv2%2Fproduct_cat&post=455"},{"taxonomy":"product_tag","embeddable":true,"href":"https:\/\/loja.homecellcelulares.com\/index.php?rest_route=%2Fwp%2Fv2%2Fproduct_tag&post=455"}],"curies":[{"name":"wp","href":"https:\/\/api.w.org\/{rel}","templated":true}]}}