{"id":449,"date":"2022-04-27T10:49:25","date_gmt":"2022-04-27T13:49:25","guid":{"rendered":"https:\/\/loja.homecellcelulares.com\/?post_type=product&#038;p=449"},"modified":"2022-04-27T10:51:29","modified_gmt":"2022-04-27T13:51:29","slug":"cabo-lightning-para-type-c-hemp","status":"publish","type":"product","link":"https:\/\/loja.homecellcelulares.com\/?product=cabo-lightning-para-type-c-hemp","title":{"rendered":"Cabo Lightning para Type-C Hemp"},"content":{"rendered":"","protected":false},"excerpt":{"rendered":"<pre><strong>INFORMA\u00c7\u00d5ES T\u00c9CNICAS<\/strong><\/pre>\n<ul>\n<li>\n<pre>1,5 m de comprimento<\/pre>\n<\/li>\n<li>\n<pre>Homologado pela Apple<\/pre>\n<\/li>\n<li>\n<pre>Resiste a mais de 50 mil dobras<\/pre>\n<\/li>\n<li>\n<pre>Transfer\u00eancia de dados r\u00e1pida com 480Mbps<\/pre>\n<\/li>\n<li>\n<pre>Garantia de 3 anos<\/pre>\n<\/li>\n<\/ul>\n","protected":false},"featured_media":450,"template":"","meta":[],"product_cat":[26,28],"product_tag":[],"_links":{"self":[{"href":"https:\/\/loja.homecellcelulares.com\/index.php?rest_route=\/wp\/v2\/product\/449"}],"collection":[{"href":"https:\/\/loja.homecellcelulares.com\/index.php?rest_route=\/wp\/v2\/product"}],"about":[{"href":"https:\/\/loja.homecellcelulares.com\/index.php?rest_route=\/wp\/v2\/types\/product"}],"wp:featuredmedia":[{"embeddable":true,"href":"https:\/\/loja.homecellcelulares.com\/index.php?rest_route=\/wp\/v2\/media\/450"}],"wp:attachment":[{"href":"https:\/\/loja.homecellcelulares.com\/index.php?rest_route=%2Fwp%2Fv2%2Fmedia&parent=449"}],"wp:term":[{"taxonomy":"product_cat","embeddable":true,"href":"https:\/\/loja.homecellcelulares.com\/index.php?rest_route=%2Fwp%2Fv2%2Fproduct_cat&post=449"},{"taxonomy":"product_tag","embeddable":true,"href":"https:\/\/loja.homecellcelulares.com\/index.php?rest_route=%2Fwp%2Fv2%2Fproduct_tag&post=449"}],"curies":[{"name":"wp","href":"https:\/\/api.w.org\/{rel}","templated":true}]}}